{"id":2,"date":"2021-03-25T11:55:35","date_gmt":"2021-03-25T10:55:35","guid":{"rendered":"https:\/\/www.stefan-craemer.com\/fi\/?page_id=2"},"modified":"2021-07-27T14:35:01","modified_gmt":"2021-07-27T11:35:01","slug":"tietoja-minusta","status":"publish","type":"page","link":"https:\/\/www.stefan-craemer.com\/fi\/","title":{"rendered":"Tietoja minusta"},"content":{"rendered":"\n<p>Valokuvaaja syd\u00e4mell\u00e4 vuodesta 1991 ja per\u00e4mies vuodesta 2020. Oikeastaan Saksasta, nyt asettunut Turussa.<\/p>\n\n\n\n<p>Urani alussa ty\u00f6skentelin p\u00e4\u00e4asiassa paikalliselle lehdist\u00f6lle. My\u00f6hemmin Belgiassa aikakauslehti\u00e4 lis\u00e4ttiin ja t\u00e4\u00e4ll\u00e4 Suomessa teen kuvatoimistot\u00f6it\u00e4 ja olen erikoistunut tapahtumien dokumentointiin ja kiinteist\u00f6kuvaukseen.<\/p>\n\n\n\n<p>Haluatko vuokrata tai myyd\u00e4 asunto? Annan sinulle kuvamateriaalia, joka saa asiakkaasi haluamaan katsoa asuntoa. Videot ja virtuaaliset 3D-kierrokset ovat yht\u00e4 lailla osa ohjelmistoani kuin virtuaalinen lavastaminen.<\/p>\n\n\n\n<p>Jos saisin sinut kiinnostunut, ota <a href=\"https:\/\/www.stefan-craemer.com\/fi\/yhteys\/\" data-type=\"page\" data-id=\"13\">yhteytt\u00e4<\/a> tai katso t\u00e4\u00e4lt\u00e4 sivulta, mit\u00e4 voin tehd\u00e4 sinulle.<\/p>\n","protected":false},"excerpt":{"rendered":"<p>Valokuvaaja syd\u00e4mell\u00e4 vuodesta 1991 ja per\u00e4mies vuodesta 2020. Oikeastaan Saksasta, nyt asettunut Turussa. Urani alussa ty\u00f6skentelin p\u00e4\u00e4asiassa paikalliselle lehdist\u00f6lle. My\u00f6hemmin Belgiassa aikakauslehti\u00e4 lis\u00e4ttiin ja t\u00e4\u00e4ll\u00e4 Suomessa teen kuvatoimistot\u00f6it\u00e4 ja olen<\/p>\n<p class=\"more-link\"><a href=\"https:\/\/www.stefan-craemer.com\/fi\/\" class=\"readmore\">Continue reading<svg class=\"icon icon-arrow-right\" aria-hidden=\"true\" role=\"img\"> <use href=\"#icon-arrow-right\" xlink:href=\"#icon-arrow-right\"><\/use> <\/svg><span class=\"screen-reader-text\">Tietoja minusta<\/span><\/a><\/p>\n","protected":false},"author":8966,"featured_media":0,"parent":0,"menu_order":0,"comment_status":"closed","ping_status":"closed","template":"","meta":{"wprm-recipe-roundup-name":"","wprm-recipe-roundup-description":"","_coblocks_attr":"","_coblocks_dimensions":"","_coblocks_responsive_height":"","_coblocks_accordion_ie_support":"","footnotes":""},"class_list":["post-2","page","type-page","status-publish","hentry"],"_links":{"self":[{"href":"https:\/\/www.stefan-craemer.com\/fi\/wp-json\/wp\/v2\/pages\/2","targetHints":{"allow":["GET"]}}],"collection":[{"href":"https:\/\/www.stefan-craemer.com\/fi\/wp-json\/wp\/v2\/pages"}],"about":[{"href":"https:\/\/www.stefan-craemer.com\/fi\/wp-json\/wp\/v2\/types\/page"}],"author":[{"embeddable":true,"href":"https:\/\/www.stefan-craemer.com\/fi\/wp-json\/wp\/v2\/users\/8966"}],"replies":[{"embeddable":true,"href":"https:\/\/www.stefan-craemer.com\/fi\/wp-json\/wp\/v2\/comments?post=2"}],"version-history":[{"count":2,"href":"https:\/\/www.stefan-craemer.com\/fi\/wp-json\/wp\/v2\/pages\/2\/revisions"}],"predecessor-version":[{"id":42,"href":"https:\/\/www.stefan-craemer.com\/fi\/wp-json\/wp\/v2\/pages\/2\/revisions\/42"}],"wp:attachment":[{"href":"https:\/\/www.stefan-craemer.com\/fi\/wp-json\/wp\/v2\/media?parent=2"}],"curies":[{"name":"wp","href":"https:\/\/api.w.org\/{rel}","templated":true}]}}