{"id":2,"date":"2021-03-25T11:54:33","date_gmt":"2021-03-25T10:54:33","guid":{"rendered":"https:\/\/www.stefan-craemer.com\/fr\/?page_id=2"},"modified":"2022-02-03T10:59:05","modified_gmt":"2022-02-03T08:59:05","slug":"beispiel-seite","status":"publish","type":"page","link":"https:\/\/www.stefan-craemer.com\/fr\/","title":{"rendered":"\u00c1 propos de moi"},"content":{"rendered":"\n<p>Photographe av\u00e9c ardeur depuis 1991 et officier du service pont depuis 2020 d&rsquo;origine Allemande, aujourd\u2019hui bas\u00e9 en Finlande.<\/p>\n\n\n\n<p>Au d\u00e9but de ma carri\u00e8re, je travaillais principalement pour des journaux locaux et plus en plus pour des magazines quand je suis d\u00e9m\u00e9nag\u00e9 en Belgique. En Finlande je commencais \u00e1 travailler pour des agences.<\/p>\n\n\n\n<p>Quand je ne travaille pas pour la presse, je suis sp\u00e9cialis\u00e9 en des documentations des evenement et en des photos immobilers. Voulez-vous vendre un appartement? Je vous livre les photos qui font vos clients vouloir le regarder. En cas que c&rsquo;est souhait\u00e9, je vous offre des tours virtuels en 3D, des tour vid\u00e9o et du staging virtuel.<\/p>\n\n\n\n<p>Si vous \u00eates int\u00e9ress\u00e9 \u00e0 organiser une s\u00e9ance photo ou si vous voulez en savoir plus sur ma photographie, vous pouvez me contacter via le <a href=\"https:\/\/www.stefan-craemer.com\/fr\/contact\/\" data-type=\"page\" data-id=\"12\">formulaire<\/a> sur ma page.<\/p>\n\n\n\n<p>En cas vous vous int\u00e9ressez \u00e1 ma carri\u00e8re artistique, vous la trouverez <a href=\"http:\/\/www.waldemarstoffel.com\/fr\/\" target=\"_blank\" rel=\"noreferrer noopener\">ici<\/a>.<\/p>\n","protected":false},"excerpt":{"rendered":"<p>Photographe av\u00e9c ardeur depuis 1991 et officier du service pont depuis 2020 d&rsquo;origine Allemande, aujourd\u2019hui bas\u00e9 en Finlande. Au d\u00e9but de ma carri\u00e8re, je travaillais principalement pour des journaux locaux<\/p>\n<p class=\"more-link\"><a href=\"https:\/\/www.stefan-craemer.com\/fr\/\" class=\"readmore\">Continue reading<svg class=\"icon icon-arrow-right\" aria-hidden=\"true\" role=\"img\"> <use href=\"#icon-arrow-right\" xlink:href=\"#icon-arrow-right\"><\/use> <\/svg><span class=\"screen-reader-text\">\u00c1 propos de moi<\/span><\/a><\/p>\n","protected":false},"author":8966,"featured_media":0,"parent":0,"menu_order":0,"comment_status":"closed","ping_status":"open","template":"","meta":{"wprm-recipe-roundup-name":"","wprm-recipe-roundup-description":"","_coblocks_attr":"","_coblocks_dimensions":"","_coblocks_responsive_height":"","_coblocks_accordion_ie_support":"","footnotes":""},"class_list":["post-2","page","type-page","status-publish","hentry"],"_links":{"self":[{"href":"https:\/\/www.stefan-craemer.com\/fr\/wp-json\/wp\/v2\/pages\/2","targetHints":{"allow":["GET"]}}],"collection":[{"href":"https:\/\/www.stefan-craemer.com\/fr\/wp-json\/wp\/v2\/pages"}],"about":[{"href":"https:\/\/www.stefan-craemer.com\/fr\/wp-json\/wp\/v2\/types\/page"}],"author":[{"embeddable":true,"href":"https:\/\/www.stefan-craemer.com\/fr\/wp-json\/wp\/v2\/users\/8966"}],"replies":[{"embeddable":true,"href":"https:\/\/www.stefan-craemer.com\/fr\/wp-json\/wp\/v2\/comments?post=2"}],"version-history":[{"count":3,"href":"https:\/\/www.stefan-craemer.com\/fr\/wp-json\/wp\/v2\/pages\/2\/revisions"}],"predecessor-version":[{"id":43,"href":"https:\/\/www.stefan-craemer.com\/fr\/wp-json\/wp\/v2\/pages\/2\/revisions\/43"}],"wp:attachment":[{"href":"https:\/\/www.stefan-craemer.com\/fr\/wp-json\/wp\/v2\/media?parent=2"}],"curies":[{"name":"wp","href":"https:\/\/api.w.org\/{rel}","templated":true}]}}