{"id":2,"date":"2021-03-25T11:55:08","date_gmt":"2021-03-25T10:55:08","guid":{"rendered":"https:\/\/www.stefan-craemer.com\/sv\/?page_id=2"},"modified":"2022-02-03T11:03:17","modified_gmt":"2022-02-03T09:03:17","slug":"om-mig","status":"publish","type":"page","link":"https:\/\/www.stefan-craemer.com\/sv\/","title":{"rendered":"Om mig"},"content":{"rendered":"\n<p>Fotograf med liv och lust sedan 1991 och nautisk officer sedan 2020. F\u00f6dd i Tyskland, nu i Finland.<\/p>\n\n\n\n<p>I b\u00f6rjan av min karri\u00e4r arbetade jag fr\u00e4mst f\u00f6r lokalpressen. Senare n\u00e4r jag flyttade till Belgien lades tidskrifter till och h\u00e4r i Finland jobbar jag f\u00f6r olika bildbanker och g\u00f6r alla sorts uppdrag.<\/p>\n\n\n\n<p>Vill du hyra ut eller s\u00e4lja en l\u00e4genhet? Jag f\u00f6rser dig med bildmaterialet som f\u00e5r dina kunder att vilja titta p\u00e5 l\u00e4genheten. Videor och virtuella 3D-turer \u00e4r lika mycket en del av min repertoar som virtuell iscens\u00e4ttning.<\/p>\n\n\n\n<p>Om jag kunde v\u00e4cka ditt intresse, kontakta mig g\u00e4rna via <a href=\"https:\/\/www.stefan-craemer.com\/sv\/kontakt\/\" data-type=\"page\" data-id=\"12\">kontaktformul\u00e4ret<\/a>.<\/p>\n\n\n\n<p>Och om du \u00e4r interesserad av min karri\u00e4r som konstn\u00e4r, kan du titta <a href=\"http:\/\/www.waldemarstoffel.com\/sv\/\" target=\"_blank\" rel=\"noreferrer noopener\">h\u00e4r<\/a>.<\/p>\n","protected":false},"excerpt":{"rendered":"<p>Fotograf med liv och lust sedan 1991 och nautisk officer sedan 2020. F\u00f6dd i Tyskland, nu i Finland. I b\u00f6rjan av min karri\u00e4r arbetade jag fr\u00e4mst f\u00f6r lokalpressen. Senare n\u00e4r<\/p>\n<p class=\"more-link\"><a href=\"https:\/\/www.stefan-craemer.com\/sv\/\" class=\"readmore\">Forts\u00e4tt l\u00e4sa<svg class=\"icon icon-arrow-right\" aria-hidden=\"true\" role=\"img\"> <use href=\"#icon-arrow-right\" xlink:href=\"#icon-arrow-right\"><\/use> <\/svg><span class=\"screen-reader-text\">Om mig<\/span><\/a><\/p>\n","protected":false},"author":8966,"featured_media":0,"parent":0,"menu_order":0,"comment_status":"closed","ping_status":"closed","template":"","meta":{"wprm-recipe-roundup-name":"","wprm-recipe-roundup-description":"","_coblocks_attr":"","_coblocks_dimensions":"","_coblocks_responsive_height":"","_coblocks_accordion_ie_support":"","footnotes":""},"class_list":["post-2","page","type-page","status-publish","hentry"],"_links":{"self":[{"href":"https:\/\/www.stefan-craemer.com\/sv\/wp-json\/wp\/v2\/pages\/2","targetHints":{"allow":["GET"]}}],"collection":[{"href":"https:\/\/www.stefan-craemer.com\/sv\/wp-json\/wp\/v2\/pages"}],"about":[{"href":"https:\/\/www.stefan-craemer.com\/sv\/wp-json\/wp\/v2\/types\/page"}],"author":[{"embeddable":true,"href":"https:\/\/www.stefan-craemer.com\/sv\/wp-json\/wp\/v2\/users\/8966"}],"replies":[{"embeddable":true,"href":"https:\/\/www.stefan-craemer.com\/sv\/wp-json\/wp\/v2\/comments?post=2"}],"version-history":[{"count":3,"href":"https:\/\/www.stefan-craemer.com\/sv\/wp-json\/wp\/v2\/pages\/2\/revisions"}],"predecessor-version":[{"id":44,"href":"https:\/\/www.stefan-craemer.com\/sv\/wp-json\/wp\/v2\/pages\/2\/revisions\/44"}],"wp:attachment":[{"href":"https:\/\/www.stefan-craemer.com\/sv\/wp-json\/wp\/v2\/media?parent=2"}],"curies":[{"name":"wp","href":"https:\/\/api.w.org\/{rel}","templated":true}]}}